{"id":1142,"date":"2020-12-02T21:22:44","date_gmt":"2020-12-02T21:22:44","guid":{"rendered":"https:\/\/startertemplatecloud.com\/g02\/?page_id=1142"},"modified":"2024-09-26T13:37:21","modified_gmt":"2024-09-26T13:37:21","slug":"contact","status":"publish","type":"page","link":"https:\/\/falkbistro.nl\/de\/contact\/","title":{"rendered":"Kontakt"},"content":{"rendered":"<style>.kb-row-layout-id1142_7ae807-b0 > .kt-row-column-wrap{align-content:end;}:where(.kb-row-layout-id1142_7ae807-b0 > .kt-row-column-wrap) > .wp-block-kadence-column{justify-content:end;}.kb-row-layout-id1142_7ae807-b0 > .kt-row-column-wrap{column-gap:var(--global-kb-gap-md, 2rem);row-gap:var(--global-kb-gap-md, 2rem);max-width:var( --global-content-width, 1250px );padding-left:var(--global-content-edge-padding);padding-right:var(--global-content-edge-padding);padding-top:150px;padding-bottom:25px;min-height:400px;grid-template-columns:repeat(2, minmax(0, 1fr));}.kb-row-layout-id1142_7ae807-b0 > .kt-row-layout-overlay{opacity:1;background-color:var(--global-palette2, #2B6CB0);background-image:url('http:\/\/falkbistro.nl\/wp-content\/uploads\/2023\/03\/headersfeer-falkbistro-nederland.jpg');background-size:cover;background-position:41% 66%;background-attachment:scroll;background-repeat:no-repeat;}.kb-row-layout-id1142_7ae807-b0 .kt-row-layout-bottom-sep{height:100px;}.kb-row-layout-id1142_7ae807-b0 .kt-row-layout-bottom-sep svg{width:100%;}.kb-row-layout-id1142_7ae807-b0 .kt-row-layout-bottom-sep svg{fill:#ffffff!important;}@media all and (max-width: 1024px){.kb-row-layout-id1142_7ae807-b0 > .kt-row-column-wrap{grid-template-columns:repeat(2, minmax(0, 1fr));}}@media all and (max-width: 1024px){.kb-row-layout-id1142_7ae807-b0 .kt-row-layout-bottom-sep{height:px;}}@media all and (max-width: 1024px){.kb-row-layout-id1142_7ae807-b0 .kt-row-layout-bottom-sep svg{width:%;}}@media all and (max-width: 767px){.kb-row-layout-id1142_7ae807-b0 > .kt-row-column-wrap{min-height:200px;grid-template-columns:minmax(0, 1fr);}.kb-row-layout-id1142_7ae807-b0 .kt-row-layout-bottom-sep{height:px;}.kb-row-layout-id1142_7ae807-b0 .kt-row-layout-bottom-sep svg{width:%;}}<\/style><div class=\"kb-row-layout-wrap kb-row-layout-id1142_7ae807-b0 alignnone kt-row-has-bg wp-block-kadence-rowlayout\"><div class=\"kt-row-layout-overlay kt-row-overlay-normal\"><\/div><div class=\"kt-row-column-wrap kt-has-2-columns kt-row-layout-equal kt-tab-layout-inherit kt-mobile-layout-row kt-row-valign-bottom kb-theme-content-width\">\n<style>.kadence-column1142_19fd9a-f2 > .kt-inside-inner-col,.kadence-column1142_19fd9a-f2 > .kt-inside-inner-col:before{border-top-left-radius:0px;border-top-right-radius:0px;border-bottom-right-radius:0px;border-bottom-left-radius:0px;}.kadence-column1142_19fd9a-f2 > .kt-inside-inner-col{column-gap:var(--global-kb-gap-sm, 1rem);}.kadence-column1142_19fd9a-f2 > .kt-inside-inner-col{flex-direction:column;}.kadence-column1142_19fd9a-f2 > .kt-inside-inner-col > .aligncenter{width:100%;}.kadence-column1142_19fd9a-f2 > .kt-inside-inner-col:before{opacity:0.3;}.kadence-column1142_19fd9a-f2{position:relative;}@media all and (max-width: 1024px){.kadence-column1142_19fd9a-f2 > .kt-inside-inner-col{flex-direction:column;justify-content:center;}}@media all and (max-width: 767px){.kadence-column1142_19fd9a-f2 > .kt-inside-inner-col{flex-direction:column;justify-content:center;}}<\/style>\n<div class=\"wp-block-kadence-column kadence-column1142_19fd9a-f2 inner-column-1\"><div class=\"kt-inside-inner-col\"><style>.wp-block-kadence-advancedheading.kt-adv-heading1142_97e7e4-bf, .wp-block-kadence-advancedheading.kt-adv-heading1142_97e7e4-bf[data-kb-block=\"kb-adv-heading1142_97e7e4-bf\"]{font-size:60px;font-weight:normal;font-style:normal;}.wp-block-kadence-advancedheading.kt-adv-heading1142_97e7e4-bf mark.kt-highlight, .wp-block-kadence-advancedheading.kt-adv-heading1142_97e7e4-bf[data-kb-block=\"kb-adv-heading1142_97e7e4-bf\"] mark.kt-highlight{font-weight:normal;font-style:normal;color:#f76a0c;-webkit-box-decoration-break:clone;box-decoration-break:clone;padding-top:0px;padding-right:0px;padding-bottom:0px;padding-left:0px;}.wp-block-kadence-advancedheading.kt-adv-heading1142_97e7e4-bf img.kb-inline-image, .wp-block-kadence-advancedheading.kt-adv-heading1142_97e7e4-bf[data-kb-block=\"kb-adv-heading1142_97e7e4-bf\"] img.kb-inline-image{width:150px;vertical-align:baseline;}@media all and (max-width: 1024px){.wp-block-kadence-advancedheading.kt-adv-heading1142_97e7e4-bf, .wp-block-kadence-advancedheading.kt-adv-heading1142_97e7e4-bf[data-kb-block=\"kb-adv-heading1142_97e7e4-bf\"]{font-size:50px;}}@media all and (max-width: 767px){.wp-block-kadence-advancedheading.kt-adv-heading1142_97e7e4-bf, .wp-block-kadence-advancedheading.kt-adv-heading1142_97e7e4-bf[data-kb-block=\"kb-adv-heading1142_97e7e4-bf\"]{font-size:40px;}}<\/style>\n<h1 class=\"kt-adv-heading1142_97e7e4-bf wp-block-kadence-advancedheading has-theme-palette-9-color has-text-color\" data-kb-block=\"kb-adv-heading1142_97e7e4-bf\">Kontakt<\/h1><\/div><\/div>\n\n<style>.kadence-column1142_157ca9-ce > .kt-inside-inner-col,.kadence-column1142_157ca9-ce > .kt-inside-inner-col:before{border-top-left-radius:0px;border-top-right-radius:0px;border-bottom-right-radius:0px;border-bottom-left-radius:0px;}.kadence-column1142_157ca9-ce > .kt-inside-inner-col{column-gap:var(--global-kb-gap-sm, 1rem);}.kadence-column1142_157ca9-ce > .kt-inside-inner-col{flex-direction:column;}.kadence-column1142_157ca9-ce > .kt-inside-inner-col > .aligncenter{width:100%;}.kadence-column1142_157ca9-ce > .kt-inside-inner-col:before{opacity:0.3;}.kadence-column1142_157ca9-ce{position:relative;}@media all and (max-width: 1024px){.kadence-column1142_157ca9-ce > .kt-inside-inner-col{flex-direction:column;justify-content:center;}}@media all and (max-width: 767px){.kadence-column1142_157ca9-ce > .kt-inside-inner-col{flex-direction:column;justify-content:center;}}<\/style>\n<div class=\"wp-block-kadence-column kadence-column1142_157ca9-ce inner-column-2\"><div class=\"kt-inside-inner-col\"><\/div><\/div>\n<\/div><\/div><style>.kb-row-layout-id1142_51ed79-ba > .kt-row-column-wrap{align-content:start;}:where(.kb-row-layout-id1142_51ed79-ba > .kt-row-column-wrap) > .wp-block-kadence-column{justify-content:start;}.kb-row-layout-id1142_51ed79-ba > .kt-row-column-wrap{column-gap:var(--global-kb-gap-md, 2rem);row-gap:var(--global-kb-gap-md, 2rem);max-width:var( --global-content-width, 1250px );padding-left:var(--global-content-edge-padding);padding-right:var(--global-content-edge-padding);padding-top:50px;padding-bottom:25px;grid-template-columns:repeat(2, minmax(0, 1fr));}.kb-row-layout-id1142_51ed79-ba > .kt-row-layout-overlay{opacity:0.30;}@media all and (max-width: 1024px){.kb-row-layout-id1142_51ed79-ba > .kt-row-column-wrap{grid-template-columns:minmax(0, 1fr);}}@media all and (max-width: 767px){.kb-row-layout-id1142_51ed79-ba > .kt-row-column-wrap{grid-template-columns:minmax(0, 1fr);}}<\/style><div class=\"kb-row-layout-wrap kb-row-layout-id1142_51ed79-ba alignnone wp-block-kadence-rowlayout\"><div class=\"kt-row-column-wrap kt-has-2-columns kt-row-layout-equal kt-tab-layout-row kt-mobile-layout-row kt-row-valign-top kb-theme-content-width\">\n<style>.kadence-column1142_3f5fac-35 > .kt-inside-inner-col{padding-top:30px;}.kadence-column1142_3f5fac-35 > .kt-inside-inner-col,.kadence-column1142_3f5fac-35 > .kt-inside-inner-col:before{border-top-left-radius:0px;border-top-right-radius:0px;border-bottom-right-radius:0px;border-bottom-left-radius:0px;}.kadence-column1142_3f5fac-35 > .kt-inside-inner-col{column-gap:var(--global-kb-gap-sm, 1rem);}.kadence-column1142_3f5fac-35 > .kt-inside-inner-col{flex-direction:column;}.kadence-column1142_3f5fac-35 > .kt-inside-inner-col > .aligncenter{width:100%;}.kadence-column1142_3f5fac-35 > .kt-inside-inner-col:before{opacity:0.3;}.kadence-column1142_3f5fac-35{position:relative;}@media all and (max-width: 1024px){.kadence-column1142_3f5fac-35 > .kt-inside-inner-col{flex-direction:column;justify-content:center;}}@media all and (max-width: 767px){.kadence-column1142_3f5fac-35 > .kt-inside-inner-col{padding-top:1px;flex-direction:column;justify-content:center;}}<\/style>\n<div class=\"wp-block-kadence-column kadence-column1142_3f5fac-35 inner-column-1\"><div class=\"kt-inside-inner-col\"><style>.kadence-column1142_ac6056-9d > .kt-inside-inner-col{padding-top:0px;padding-right:0px;padding-bottom:0px;padding-left:0px;}.kadence-column1142_ac6056-9d > .kt-inside-inner-col,.kadence-column1142_ac6056-9d > .kt-inside-inner-col:before{border-top-left-radius:0px;border-top-right-radius:0px;border-bottom-right-radius:0px;border-bottom-left-radius:0px;}.kadence-column1142_ac6056-9d > .kt-inside-inner-col{column-gap:var(--global-kb-gap-sm, 1rem);}.kadence-column1142_ac6056-9d > .kt-inside-inner-col{flex-direction:column;}.kadence-column1142_ac6056-9d > .kt-inside-inner-col > .aligncenter{width:100%;}.kadence-column1142_ac6056-9d > .kt-inside-inner-col:before{opacity:0.3;}.kadence-column1142_ac6056-9d{position:relative;}@media all and (max-width: 1024px){.kadence-column1142_ac6056-9d > .kt-inside-inner-col{flex-direction:column;justify-content:center;}}@media all and (max-width: 767px){.kadence-column1142_ac6056-9d > .kt-inside-inner-col{padding-top:40px;padding-right:40px;padding-bottom:40px;padding-left:40px;flex-direction:column;justify-content:center;}}<\/style>\n<div class=\"wp-block-kadence-column kadence-column1142_ac6056-9d inner-column-1\"><div class=\"kt-inside-inner-col\"><p>Wir freuen uns \u00fcber Ihre Fragen oder W\u00fcnsche, das Falk Bistro Support-Team steht Ihnen gerne zur Verf\u00fcgung! Unser telefonischer Support ist werktags von 8:30 bis 17:00 Uhr erreichbar.\nAn nationalen Feiertagen haben wir geschlossen.<br>Met de landelijke feestdagen zijn wij gesloten.<\/p>\n\n<style>.wp-block-kadence-advancedheading.kt-adv-heading1142_78cf88-0b, .wp-block-kadence-advancedheading.kt-adv-heading1142_78cf88-0b[data-kb-block=\"kb-adv-heading1142_78cf88-0b\"]{text-align:left;font-size:50px;font-weight:normal;font-style:normal;}.wp-block-kadence-advancedheading.kt-adv-heading1142_78cf88-0b mark.kt-highlight, .wp-block-kadence-advancedheading.kt-adv-heading1142_78cf88-0b[data-kb-block=\"kb-adv-heading1142_78cf88-0b\"] mark.kt-highlight{font-weight:normal;font-style:normal;color:#f76a0c;-webkit-box-decoration-break:clone;box-decoration-break:clone;padding-top:0px;padding-right:0px;padding-bottom:0px;padding-left:0px;}.wp-block-kadence-advancedheading.kt-adv-heading1142_78cf88-0b img.kb-inline-image, .wp-block-kadence-advancedheading.kt-adv-heading1142_78cf88-0b[data-kb-block=\"kb-adv-heading1142_78cf88-0b\"] img.kb-inline-image{width:150px;vertical-align:baseline;}@media all and (max-width: 1024px){.wp-block-kadence-advancedheading.kt-adv-heading1142_78cf88-0b, .wp-block-kadence-advancedheading.kt-adv-heading1142_78cf88-0b[data-kb-block=\"kb-adv-heading1142_78cf88-0b\"]{font-size:40px;}}@media all and (max-width: 767px){.wp-block-kadence-advancedheading.kt-adv-heading1142_78cf88-0b, .wp-block-kadence-advancedheading.kt-adv-heading1142_78cf88-0b[data-kb-block=\"kb-adv-heading1142_78cf88-0b\"]{font-size:30px;}}<\/style>\n<h2 class=\"kt-adv-heading1142_78cf88-0b wp-block-kadence-advancedheading\" data-kb-block=\"kb-adv-heading1142_78cf88-0b\">Adresse<\/h2>\n\n<p>Falk Bistro Niederlande<br>Nijverheidsweg 12<br>7005 BJ Doetinchem<br><a href=\"tel:00314395400\">+31 3<\/a><a href=\"tel:0314395400\" title=\"\">14 39 5400<\/a><br><a href=\"mailto:info@falkbistro.nl\">info@falkbistro.nl<\/a><br><br>kvk 89254104<br>btw NL864925153B01<\/p><\/div><\/div><\/div><\/div>\n\n<style>.kadence-column1142_f85963-7e > .kt-inside-inner-col{display:flex;}.kadence-column1142_f85963-7e > .kt-inside-inner-col{padding-top:40px;padding-right:40px;padding-bottom:40px;padding-left:40px;}.kadence-column1142_f85963-7e > .kt-inside-inner-col,.kadence-column1142_f85963-7e > .kt-inside-inner-col:before{border-top-left-radius:3px;border-top-right-radius:3px;border-bottom-right-radius:3px;border-bottom-left-radius:3px;}.kadence-column1142_f85963-7e > .kt-inside-inner-col{column-gap:var(--global-kb-gap-sm, 1rem);}.kadence-column1142_f85963-7e > .kt-inside-inner-col{flex-direction:row;flex-wrap:wrap;align-items:center;justify-content:flex-start;}.kadence-column1142_f85963-7e > .kt-inside-inner-col > *, .kadence-column1142_f85963-7e > .kt-inside-inner-col > figure.wp-block-image, .kadence-column1142_f85963-7e > .kt-inside-inner-col > figure.wp-block-kadence-image{margin-top:0px;margin-bottom:0px;}.kadence-column1142_f85963-7e > .kt-inside-inner-col > .kb-image-is-ratio-size{flex-grow:1;}.kadence-column1142_f85963-7e > .kt-inside-inner-col{background-color:var(--global-palette7, #EDF2F7);}.kadence-column1142_f85963-7e > .kt-inside-inner-col:before{opacity:0.3;}.kadence-column1142_f85963-7e{text-align:left;}.kadence-column1142_f85963-7e{position:relative;}.kadence-column1142_f85963-7e, .kt-inside-inner-col > .kadence-column1142_f85963-7e:not(.specificity){margin-top:-200px;}@media all and (max-width: 1024px){.kadence-column1142_f85963-7e > .kt-inside-inner-col{flex-direction:row;flex-wrap:wrap;align-items:center;justify-content:flex-start;}}@media all and (max-width: 1024px){.kadence-column1142_f85963-7e, .kt-inside-inner-col > .kadence-column1142_f85963-7e:not(.specificity){margin-top:10px;}}@media all and (min-width: 768px) and (max-width: 1024px){.kadence-column1142_f85963-7e > .kt-inside-inner-col > *, .kadence-column1142_f85963-7e > .kt-inside-inner-col > figure.wp-block-image, .kadence-column1142_f85963-7e > .kt-inside-inner-col > figure.wp-block-kadence-image{margin-top:0px;margin-bottom:0px;}.kadence-column1142_f85963-7e > .kt-inside-inner-col > .kb-image-is-ratio-size{flex-grow:1;}}@media all and (max-width: 767px){.kadence-column1142_f85963-7e > .kt-inside-inner-col{padding-top:30px;padding-right:30px;padding-bottom:30px;padding-left:30px;flex-direction:row;flex-wrap:wrap;justify-content:flex-start;justify-content:flex-start;}.kadence-column1142_f85963-7e > .kt-inside-inner-col > *, .kadence-column1142_f85963-7e > .kt-inside-inner-col > figure.wp-block-image, .kadence-column1142_f85963-7e > .kt-inside-inner-col > figure.wp-block-kadence-image{margin-top:0px;margin-bottom:0px;}.kadence-column1142_f85963-7e > .kt-inside-inner-col > .kb-image-is-ratio-size{flex-grow:1;}.kadence-column1142_f85963-7e, .kt-inside-inner-col > .kadence-column1142_f85963-7e:not(.specificity){margin-top:10px;}}<\/style>\n<div class=\"wp-block-kadence-column kadence-column1142_f85963-7e kb-section-dir-horizontal inner-column-2\"><div class=\"kt-inside-inner-col\"><style>.wp-block-kadence-advancedheading.kt-adv-heading1142_d084c5-31, .wp-block-kadence-advancedheading.kt-adv-heading1142_d084c5-31[data-kb-block=\"kb-adv-heading1142_d084c5-31\"]{font-size:40px;font-weight:normal;font-style:normal;}.wp-block-kadence-advancedheading.kt-adv-heading1142_d084c5-31 mark.kt-highlight, .wp-block-kadence-advancedheading.kt-adv-heading1142_d084c5-31[data-kb-block=\"kb-adv-heading1142_d084c5-31\"] mark.kt-highlight{font-weight:normal;font-style:normal;color:#f76a0c;-webkit-box-decoration-break:clone;box-decoration-break:clone;padding-top:0px;padding-right:0px;padding-bottom:0px;padding-left:0px;}.wp-block-kadence-advancedheading.kt-adv-heading1142_d084c5-31 img.kb-inline-image, .wp-block-kadence-advancedheading.kt-adv-heading1142_d084c5-31[data-kb-block=\"kb-adv-heading1142_d084c5-31\"] img.kb-inline-image{width:150px;vertical-align:baseline;}@media all and (max-width: 1024px){.wp-block-kadence-advancedheading.kt-adv-heading1142_d084c5-31, .wp-block-kadence-advancedheading.kt-adv-heading1142_d084c5-31[data-kb-block=\"kb-adv-heading1142_d084c5-31\"]{font-size:30px;}}@media all and (max-width: 767px){.wp-block-kadence-advancedheading.kt-adv-heading1142_d084c5-31, .wp-block-kadence-advancedheading.kt-adv-heading1142_d084c5-31[data-kb-block=\"kb-adv-heading1142_d084c5-31\"]{font-size:30px;}}<\/style>\n<h2 class=\"kt-adv-heading1142_d084c5-31 wp-block-kadence-advancedheading\" data-kb-block=\"kb-adv-heading1142_d084c5-31\">Kundendienst<\/h2>\n\n<style>.wp-block-kadence-advancedheading.kt-adv-heading1142_9d9156-09, .wp-block-kadence-advancedheading.kt-adv-heading1142_9d9156-09[data-kb-block=\"kb-adv-heading1142_9d9156-09\"]{font-size:25px;font-weight:normal;font-style:normal;}.wp-block-kadence-advancedheading.kt-adv-heading1142_9d9156-09 mark.kt-highlight, .wp-block-kadence-advancedheading.kt-adv-heading1142_9d9156-09[data-kb-block=\"kb-adv-heading1142_9d9156-09\"] mark.kt-highlight{font-weight:normal;font-style:normal;color:#f76a0c;-webkit-box-decoration-break:clone;box-decoration-break:clone;padding-top:0px;padding-right:0px;padding-bottom:0px;padding-left:0px;}.wp-block-kadence-advancedheading.kt-adv-heading1142_9d9156-09 img.kb-inline-image, .wp-block-kadence-advancedheading.kt-adv-heading1142_9d9156-09[data-kb-block=\"kb-adv-heading1142_9d9156-09\"] img.kb-inline-image{width:150px;vertical-align:baseline;}@media all and (max-width: 1024px){.wp-block-kadence-advancedheading.kt-adv-heading1142_9d9156-09, .wp-block-kadence-advancedheading.kt-adv-heading1142_9d9156-09[data-kb-block=\"kb-adv-heading1142_9d9156-09\"]{font-size:20px;}}@media all and (max-width: 767px){.wp-block-kadence-advancedheading.kt-adv-heading1142_9d9156-09, .wp-block-kadence-advancedheading.kt-adv-heading1142_9d9156-09[data-kb-block=\"kb-adv-heading1142_9d9156-09\"]{font-size:20px;}}<\/style>\n<h3 class=\"kt-adv-heading1142_9d9156-09 wp-block-kadence-advancedheading\" data-kb-block=\"kb-adv-heading1142_9d9156-09\"><a href=\"tel:0314395400\" title=\"\">0314-39 5400<\/a><\/h3>\n\n<p>Wir sind werktags zwischen 8:30 und 17:00 Uhr erreichbar.<\/p>\n\n<style>.wp-block-kadence-advancedheading.kt-adv-heading1142_202866-35, .wp-block-kadence-advancedheading.kt-adv-heading1142_202866-35[data-kb-block=\"kb-adv-heading1142_202866-35\"]{font-weight:normal;font-style:normal;}.wp-block-kadence-advancedheading.kt-adv-heading1142_202866-35 mark.kt-highlight, .wp-block-kadence-advancedheading.kt-adv-heading1142_202866-35[data-kb-block=\"kb-adv-heading1142_202866-35\"] mark.kt-highlight{font-weight:normal;font-style:normal;color:#f76a0c;-webkit-box-decoration-break:clone;box-decoration-break:clone;padding-top:0px;padding-right:0px;padding-bottom:0px;padding-left:0px;}.wp-block-kadence-advancedheading.kt-adv-heading1142_202866-35 img.kb-inline-image, .wp-block-kadence-advancedheading.kt-adv-heading1142_202866-35[data-kb-block=\"kb-adv-heading1142_202866-35\"] img.kb-inline-image{width:150px;vertical-align:baseline;}<\/style>\n<h4 class=\"kt-adv-heading1142_202866-35 wp-block-kadence-advancedheading\" data-kb-block=\"kb-adv-heading1142_202866-35\">Haben Sie eine Frage?<\/h4>\n\n<p>Bitte kontaktieren Sie uns \u00fcber das Kontaktformular.<\/p>\n\n<style>.kadence-form-1142_7c8eb7-83 .kb-form .kadence-blocks-form-field{margin-bottom:8px;}.kadence-form-1142_7c8eb7-83 .kb-form .kadence-blocks-form-field label .required{color:var(--global-palette6, #718096);}.kadence-form-1142_7c8eb7-83 .kb-form .kadence-blocks-form-field .kb-text-style-field, .kadence-form-1142_7c8eb7-83 .kb-form .kadence-blocks-form-field .kb-select-style-field{color:var(--global-palette3, #1A202C);background:var(--global-palette9, #ffffff);border-color:var(--global-palette8, #F7FAFC);}.kadence-form-1142_7c8eb7-83 .kb-form .kadence-blocks-form-field > label{color:var(--global-palette6, #718096);}.kadence-form-1142_7c8eb7-83 .kb-form .kadence-blocks-form-field .kb-forms-submit{color:#ffffff;background:var(--global-palette6, #718096);border-color:var(--global-palette5, #4A5568);}.kadence-form-1142_7c8eb7-83 .kb-form .kadence-blocks-form-field .kb-forms-submit:hover, .kadence-form-1142_7c8eb7-83 .kb-form .kadence-blocks-form-field .kb-forms-submit:focus {color:#ffffff;background:var(--global-palette6, #718096);}.kb-form input.kadence-blocks-field.verify{opacity:0.0;position:absolute;top:0.0;left:0.0;width:0.0;height:0.0;z-index:-1;}<\/style>\n<div class=\"wp-block-kadence-form kadence-form-1142_7c8eb7-83 kb-form-wrap kb-form-align-left\"><form class=\"kb-form\" action=\"\" method=\"post\" data-error-message=\"Vul de velden juist in.\" data-trp-original-action=\"\"><div class=\"kadence-blocks-form-field kb-field-desk-width-100 kb-input-size-standard\"><input name=\"kb_field_0\" id=\"kb_field_1142_7c8eb7-83_0\" data-label=\"Naam\" type=\"text\" placeholder=\"Name\" value=\"\" data-type=\"text\" class=\"kb-field kb-text-style-field kb-text-field kb-field-0\" data-required=\"yes\"\/><\/div><div class=\"kadence-blocks-form-field kb-form-field-1 kb-field-desk-width-100 kb-input-size-standard\"><input name=\"kb_field_1\" id=\"kb_field_1142_7c8eb7-83_1\" data-label=\"Bedrijsnaam\" type=\"text\" placeholder=\"Firma\" value=\"\" data-type=\"text\" class=\"kb-field kb-text-style-field kb-text-field kb-field-1\" data-required=\"yes\"\/><\/div><div class=\"kadence-blocks-form-field kb-form-field-2 kb-field-desk-width-100 kb-input-size-standard\"><input name=\"kb_field_2\" id=\"kb_field_1142_7c8eb7-83_2\" data-label=\"Email\" type=\"email\" placeholder=\"E-mail\" value=\"\" data-type=\"email\" class=\"kb-field kb-text-style-field kb-email-field kb-field-2\" data-required=\"yes\"\/><\/div><div class=\"kadence-blocks-form-field kb-form-field-3 kb-field-desk-width-100 kb-input-size-standard\"><input name=\"kb_field_3\" id=\"kb_field_1142_7c8eb7-83_3\" data-label=\"Subject\" type=\"text\" placeholder=\"Titel\" value=\"\" data-type=\"text\" class=\"kb-field kb-text-style-field kb-text-field kb-field-3\"\/><\/div><div class=\"kadence-blocks-form-field kb-form-field-4 kb-field-desk-width-100 kb-input-size-standard\"><textarea name=\"kb_field_4\" id=\"kb_field_1142_7c8eb7-83_4\" data-label=\"Message\" type=\"textarea\" placeholder=\"Mitteilung\" data-type=\"textarea\" class=\"kb-field kb-text-style-field kb-textarea-field kb-field-4\" rows=\"4\" data-required=\"yes\"><\/textarea><\/div><input type=\"hidden\" name=\"_kb_form_id\" value=\"1142_7c8eb7-83\"\/><input type=\"hidden\" name=\"_kb_form_post_id\" value=\"1142\"\/><input type=\"hidden\" name=\"action\" value=\"kb_process_ajax_submit\"\/><label class=\"kadence-verify-label\">Email<input class=\"kadence-blocks-field verify\" type=\"text\" name=\"_kb_verify_email\" autocomplete=\"new-password\" aria-hidden=\"true\" placeholder=\"Email\" tabindex=\"-1\" data-1p-ignore=\"true\" data-lpignore=\"true\" \/><\/label><div class=\"kadence-blocks-form-field kb-submit-field kb-field-desk-width-100\"><button class=\"kb-forms-submit button kb-button-size-standard kb-button-width-auto\">Absenden<\/button><\/div><input type=\"hidden\" name=\"trp-form-language\" value=\"de\"\/><\/form><\/div>\n<noscript><div class=\"kadence-blocks-form-message kadence-blocks-form-warning\">Bitte aktiviere JavaScript in deinem Browser, um dieses Formular fertigzustellen.<\/div><style>.kadence-form-1142_7c8eb7-83 .kadence-blocks-form-field.kb-submit-field { display: none; }<\/style><\/noscript><\/div><\/div>\n<\/div><\/div>","protected":false},"excerpt":{"rendered":"<p>Contact Graag vernemen wij uw vragen of wensen, het Falk Bistro support team staat voor u klaar! Ons telefonisch support team is aanwezig op werkdagen van 08:30 tot 17:00 uur.Met de landelijke feestdagen zijn wij gesloten. Adres Falk Bistro NederlandNijverheidsweg 127005 BJ Doetinchem+31 314 39 5400info@falkbistro.nl kvk 89254104btw NL864925153B01 Klantenservice 0314-39 5400 Wij zijn bereikbaar&#8230;<\/p>","protected":false},"author":1,"featured_media":0,"parent":0,"menu_order":0,"comment_status":"closed","ping_status":"closed","template":"","meta":{"om_disable_all_campaigns":false,"_monsterinsights_skip_tracking":false,"_monsterinsights_sitenote_active":false,"_monsterinsights_sitenote_note":"","_monsterinsights_sitenote_category":0,"_kadence_starter_templates_imported_post":true,"_kad_post_transparent":"","_kad_post_title":"hide","_kad_post_layout":"fullwidth","_kad_post_sidebar_id":"","_kad_post_content_style":"unboxed","_kad_post_vertical_padding":"hide","_kad_post_feature":"","_kad_post_feature_position":"","_kad_post_header":false,"_kad_post_footer":false,"footnotes":""},"class_list":["post-1142","page","type-page","status-publish","hentry"],"aioseo_notices":[],"jetpack_sharing_enabled":true,"_links":{"self":[{"href":"https:\/\/falkbistro.nl\/de\/wp-json\/wp\/v2\/pages\/1142","targetHints":{"allow":["GET"]}}],"collection":[{"href":"https:\/\/falkbistro.nl\/de\/wp-json\/wp\/v2\/pages"}],"about":[{"href":"https:\/\/falkbistro.nl\/de\/wp-json\/wp\/v2\/types\/page"}],"author":[{"embeddable":true,"href":"https:\/\/falkbistro.nl\/de\/wp-json\/wp\/v2\/users\/1"}],"replies":[{"embeddable":true,"href":"https:\/\/falkbistro.nl\/de\/wp-json\/wp\/v2\/comments?post=1142"}],"version-history":[{"count":39,"href":"https:\/\/falkbistro.nl\/de\/wp-json\/wp\/v2\/pages\/1142\/revisions"}],"predecessor-version":[{"id":2558,"href":"https:\/\/falkbistro.nl\/de\/wp-json\/wp\/v2\/pages\/1142\/revisions\/2558"}],"wp:attachment":[{"href":"https:\/\/falkbistro.nl\/de\/wp-json\/wp\/v2\/media?parent=1142"}],"curies":[{"name":"wp","href":"https:\/\/api.w.org\/{rel}","templated":true}]}}