{"id":1779,"date":"2023-01-23T14:02:06","date_gmt":"2023-01-23T14:02:06","guid":{"rendered":"https:\/\/falkbistro.nl\/?page_id=1779"},"modified":"2023-03-06T10:31:05","modified_gmt":"2023-03-06T10:31:05","slug":"verzending-en-bezorging","status":"publish","type":"page","link":"https:\/\/falkbistro.nl\/de\/verzending-en-bezorging\/","title":{"rendered":"Versand und Lieferung"},"content":{"rendered":"<h2 class=\"wp-block-heading\"><strong>Lieferzeiten<\/strong><\/h2><p>Die Lieferzeiten basieren auf Werktagen.Unsere Lieferzeiten variieren je nach Produkt, Marke und Menge. Die voraussichtlichen Lieferzeiten h\u00e4ngen vom Lieferanten ab und betragen in der Regel 24-48 Stunden.<\/p><h2 class=\"wp-block-heading\"><strong>Versandkosten<\/strong><\/h2><p>Der Beitrag zu den Bearbeitungs- und Versandkosten wird Ihnen beim Bezahlen Ihres Warenkorbs angezeigt, bis zu einem Bestellwert von 350 \u20ac betr\u00e4gt dieser 17,50 \u20ac.<\/p><h2 class=\"wp-block-heading\"><strong>Lieferzeit bei Vorkasse<\/strong><\/h2><p>Wenn Sie per Bank\u00fcberweisung bestellen, erhalten Sie Ihre Bestellung 1 \u2013 2 Werktage nach Eingang Ihrer Zahlung auf unserem Konto. Dies kann je nach Bank bis zu 2 Werktage dauern. Sobald wir die Zahlung gutgeschrieben haben, erhalten Sie eine Best\u00e4tigung per E-Mail.<\/p><h2 class=\"wp-block-heading\"><strong>Verz\u00f6gerung beim Versand<\/strong><\/h2><p>In Ausnahmef\u00e4llen dauert die Zustellung einer Bestellung l\u00e4nger als 24 Stunden. Sollten Sie Ihre Bestellung 4 Werktage nach Versand noch nicht erhalten haben, wenden Sie sich bitte an unseren Kundenservice. Um Sie schnellstm\u00f6glich bedienen zu k\u00f6nnen, bitten wir Sie, bei Ihrem Anruf unsere Best\u00e4tigungs-E-Mail bereitzuhalten.&nbsp;<\/p><h2 class=\"wp-block-heading\"><strong>Eine Bestellung wurde (teilweise) storniert<\/strong><\/h2><p>Eine Bestellung kann aus verschiedenen Gr\u00fcnden storniert werden.<br>Wenn das Produkt trotz unserer besten Bem\u00fchungen, die Informationen auf dem neuesten Stand zu halten, nicht verf\u00fcgbar ist.<br>Es kann auch sein, dass Ihre Vorauszahlung 10 Tage nach Ihrer Bestellung noch nicht bei uns eingegangen ist. Dies gilt nur, wenn Sie die Zahlungsart \u201eBank\u00fcberweisung\u201c gew\u00e4hlt haben.<\/p><p>Selbstverst\u00e4ndlich erlischt die Zahlungspflicht f\u00fcr einen stornierten Artikel. Wenn Sie bereits bezahlt haben, erstatten wir Ihnen den Betrag schnellstm\u00f6glich zur\u00fcck oder senden Ihnen das Produkt in Absprache mit Ihnen zu.<\/p>","protected":false},"excerpt":{"rendered":"<p>Levertijden De levertijden zijn gebaseerd op werkdagen.&nbsp;Onze levertijden varieren per product, merk en aantal. De verwachte levertijden zijn afhankelijk van de leverancier en bedragen in de regel 24-48 uur. Verzendkosten De bijdrage in de handlings en verzendkosten&nbsp;worden getoond bij het afrekenen van uw winkelwagen, tot \u20ac 350&nbsp;bedragen deze \u20ac 17,50. Levertijd bij vooruitbetaling Besteld u&#8230;<\/p>","protected":false},"author":1,"featured_media":0,"parent":0,"menu_order":0,"comment_status":"closed","ping_status":"closed","template":"","meta":{"om_disable_all_campaigns":false,"_monsterinsights_skip_tracking":false,"_monsterinsights_sitenote_active":false,"_monsterinsights_sitenote_note":"","_monsterinsights_sitenote_category":0,"_kadence_starter_templates_imported_post":false,"_kad_post_transparent":"","_kad_post_title":"","_kad_post_layout":"","_kad_post_sidebar_id":"","_kad_post_content_style":"","_kad_post_vertical_padding":"","_kad_post_feature":"","_kad_post_feature_position":"","_kad_post_header":false,"_kad_post_footer":false,"footnotes":""},"class_list":["post-1779","page","type-page","status-publish","hentry"],"aioseo_notices":[],"jetpack_sharing_enabled":true,"_links":{"self":[{"href":"https:\/\/falkbistro.nl\/de\/wp-json\/wp\/v2\/pages\/1779","targetHints":{"allow":["GET"]}}],"collection":[{"href":"https:\/\/falkbistro.nl\/de\/wp-json\/wp\/v2\/pages"}],"about":[{"href":"https:\/\/falkbistro.nl\/de\/wp-json\/wp\/v2\/types\/page"}],"author":[{"embeddable":true,"href":"https:\/\/falkbistro.nl\/de\/wp-json\/wp\/v2\/users\/1"}],"replies":[{"embeddable":true,"href":"https:\/\/falkbistro.nl\/de\/wp-json\/wp\/v2\/comments?post=1779"}],"version-history":[{"count":5,"href":"https:\/\/falkbistro.nl\/de\/wp-json\/wp\/v2\/pages\/1779\/revisions"}],"predecessor-version":[{"id":2280,"href":"https:\/\/falkbistro.nl\/de\/wp-json\/wp\/v2\/pages\/1779\/revisions\/2280"}],"wp:attachment":[{"href":"https:\/\/falkbistro.nl\/de\/wp-json\/wp\/v2\/media?parent=1779"}],"curies":[{"name":"wp","href":"https:\/\/api.w.org\/{rel}","templated":true}]}}