{"id":1784,"date":"2023-01-23T14:10:13","date_gmt":"2023-01-23T14:10:13","guid":{"rendered":"https:\/\/falkbistro.nl\/?page_id=1784"},"modified":"2023-03-06T10:23:07","modified_gmt":"2023-03-06T10:23:07","slug":"betaalmethodes","status":"publish","type":"page","link":"https:\/\/falkbistro.nl\/de\/betaalmethodes\/","title":{"rendered":"Zahlungsmethoden"},"content":{"rendered":"<h2 class=\"wp-block-heading\"><strong>iDEAL<\/strong><\/h2><p>Falk Bistro\u00a0arbeitet mit iDEAL.<\/p><h2 class=\"wp-block-heading\"><strong>Creditcard<\/strong><\/h2><p>Alle g\u00e4ngigen Kreditkarten wie VISA, American Express und Mastercard werden akzeptiert.<\/p><h2 class=\"wp-block-heading\"><strong>Klarna<\/strong><\/h2><p>Pay Now ist eine flexible Zahlungsmethode, bei der Sie zwischen einer Online-\u00dcberweisung oder einer Lastschrift w\u00e4hlen k\u00f6nnen.&nbsp;<\/p><h2 class=\"wp-block-heading\"><strong>Bank\u00fcberweisung (Rechnung)<\/strong><\/h2><p>Sie zahlen den f\u00e4lligen Betrag auf Grundlage der erhaltenen Auftragsbest\u00e4tigung.Nach Bezahlung der Bestellung erhalten Sie eine Rechnung im PDF-Format.&nbsp;<br>Wir versenden die Bestellung sofort nach Zahlungseingang auf unser Konto.<\/p><p>Mit der Zahlungsart Bank\u00fcberweisung sind Sie nach der Bestellung zu nichts verpflichtet. Erst wenn die Zahlung von Ihnen bei uns eingegangen ist, haben Sie Ihre Bestellung endg\u00fcltig abgegeben.<\/p><h2 class=\"wp-block-heading\"><strong>M\u00f6chten Sie mehr wissen?<\/strong><\/h2><p>Bitte wenden Sie sich an unseren Kundenservice.<\/p><p>E: <a href=\"mailto:info@falkbistro.nl\">info@falkbistro.nl<\/a><br>T: <a href=\"tel:0031859768998\">+31 (0)31 4395 400<\/a><\/p>","protected":false},"excerpt":{"rendered":"<p>iDEAL Falk Bistro&nbsp;werkt met iDEAL, de meest voorkomende betaalmethode. Creditcard Alle gangbare creditcards zoals, VISA, American Express en Mastercard worden geaccepteerd. Klarna Betaal nu is een flexibele betaalmethode waarbij je kunt kiezen uit een online bank overschrijving of een machtiging.&nbsp; Bankoverschrijving (factuur) Op basis van de ontvangen order bevestiging voldoet u het verschuldigde bedrag.&nbsp;U ontvangt&#8230;<\/p>","protected":false},"author":1,"featured_media":0,"parent":0,"menu_order":0,"comment_status":"closed","ping_status":"closed","template":"","meta":{"om_disable_all_campaigns":false,"_monsterinsights_skip_tracking":false,"_monsterinsights_sitenote_active":false,"_monsterinsights_sitenote_note":"","_monsterinsights_sitenote_category":0,"_kadence_starter_templates_imported_post":false,"_kad_post_transparent":"","_kad_post_title":"","_kad_post_layout":"","_kad_post_sidebar_id":"","_kad_post_content_style":"","_kad_post_vertical_padding":"","_kad_post_feature":"","_kad_post_feature_position":"","_kad_post_header":false,"_kad_post_footer":false,"footnotes":""},"class_list":["post-1784","page","type-page","status-publish","hentry"],"aioseo_notices":[],"jetpack_sharing_enabled":true,"_links":{"self":[{"href":"https:\/\/falkbistro.nl\/de\/wp-json\/wp\/v2\/pages\/1784","targetHints":{"allow":["GET"]}}],"collection":[{"href":"https:\/\/falkbistro.nl\/de\/wp-json\/wp\/v2\/pages"}],"about":[{"href":"https:\/\/falkbistro.nl\/de\/wp-json\/wp\/v2\/types\/page"}],"author":[{"embeddable":true,"href":"https:\/\/falkbistro.nl\/de\/wp-json\/wp\/v2\/users\/1"}],"replies":[{"embeddable":true,"href":"https:\/\/falkbistro.nl\/de\/wp-json\/wp\/v2\/comments?post=1784"}],"version-history":[{"count":11,"href":"https:\/\/falkbistro.nl\/de\/wp-json\/wp\/v2\/pages\/1784\/revisions"}],"predecessor-version":[{"id":2273,"href":"https:\/\/falkbistro.nl\/de\/wp-json\/wp\/v2\/pages\/1784\/revisions\/2273"}],"wp:attachment":[{"href":"https:\/\/falkbistro.nl\/de\/wp-json\/wp\/v2\/media?parent=1784"}],"curies":[{"name":"wp","href":"https:\/\/api.w.org\/{rel}","templated":true}]}}