{"id":1800,"date":"2023-01-23T14:32:58","date_gmt":"2023-01-23T14:32:58","guid":{"rendered":"https:\/\/falkbistro.nl\/?page_id=1800"},"modified":"2023-03-06T10:22:06","modified_gmt":"2023-03-06T10:22:06","slug":"bestelling","status":"publish","type":"page","link":"https:\/\/falkbistro.nl\/de\/bestelling\/","title":{"rendered":"Bestellungen"},"content":{"rendered":"<p>Wenn Sie den gew\u00fcnschten Artikel gefunden haben, klicken Sie auf die Schaltfl\u00e4che \u201eIn den Warenkorb\u201c. Sie k\u00f6nnen jederzeit zu Ihrem Warenkorb gelangen, indem Sie oben rechts auf \u201eWarenkorb\u201c klicken oder Artikel hinzuf\u00fcgen. Mit einem Klick auf \u201eZur Kasse\u201c schlie\u00dfen Sie Ihre Bestellung ab.<\/p><p>F\u00fcr eine erfolgreiche Bestellung sind eine g\u00fcltige E-Mail-Adresse, Handelskammernummer, Rechnungs- und Lieferadresse erforderlich. Au\u00dferdem ben\u00f6tigen wir Ihre Telefonnummer, damit das externe Transportunternehmen ggf. schnell Kontakt zu Ihnen aufnehmen kann, um einen Liefertermin zu vereinbaren.<\/p><p>Im Bereich \u201eMeine Bestellungen\u201c finden Sie eine \u00dcbersicht Ihrer letzten Bestellungen. Wenn Sie auf \u201eBestellung ansehen\u201c klicken, erhalten Sie eine detaillierte \u00dcbersicht Ihrer Bestellung.<\/p><p>Eine Bestellung per Telefon oder E-Mail ist aus Datenschutzgr\u00fcnden nicht m\u00f6glich.<\/p>","protected":false},"excerpt":{"rendered":"<p>Wanneer u het gewenste artikel gevonden hebt, klikt u op de knop \u2018In winkelwagen\u2019. U kunt op elk moment naar uw winkelwagen door rechts bovenaan op \u2018winkelwagen\u2019 te klikken of door het toevoegen van artikelen. U rond uw bestelling af door te klikken op \u2018Afrekenen\u2019. Voor een succesvolle bestelling is een geldig e-mailadres, het kamer&#8230;<\/p>","protected":false},"author":1,"featured_media":0,"parent":0,"menu_order":0,"comment_status":"closed","ping_status":"closed","template":"","meta":{"om_disable_all_campaigns":false,"_monsterinsights_skip_tracking":false,"_monsterinsights_sitenote_active":false,"_monsterinsights_sitenote_note":"","_monsterinsights_sitenote_category":0,"_kadence_starter_templates_imported_post":false,"_kad_post_transparent":"","_kad_post_title":"","_kad_post_layout":"","_kad_post_sidebar_id":"","_kad_post_content_style":"","_kad_post_vertical_padding":"","_kad_post_feature":"","_kad_post_feature_position":"","_kad_post_header":false,"_kad_post_footer":false,"footnotes":""},"class_list":["post-1800","page","type-page","status-publish","hentry"],"aioseo_notices":[],"jetpack_sharing_enabled":true,"_links":{"self":[{"href":"https:\/\/falkbistro.nl\/de\/wp-json\/wp\/v2\/pages\/1800","targetHints":{"allow":["GET"]}}],"collection":[{"href":"https:\/\/falkbistro.nl\/de\/wp-json\/wp\/v2\/pages"}],"about":[{"href":"https:\/\/falkbistro.nl\/de\/wp-json\/wp\/v2\/types\/page"}],"author":[{"embeddable":true,"href":"https:\/\/falkbistro.nl\/de\/wp-json\/wp\/v2\/users\/1"}],"replies":[{"embeddable":true,"href":"https:\/\/falkbistro.nl\/de\/wp-json\/wp\/v2\/comments?post=1800"}],"version-history":[{"count":2,"href":"https:\/\/falkbistro.nl\/de\/wp-json\/wp\/v2\/pages\/1800\/revisions"}],"predecessor-version":[{"id":2101,"href":"https:\/\/falkbistro.nl\/de\/wp-json\/wp\/v2\/pages\/1800\/revisions\/2101"}],"wp:attachment":[{"href":"https:\/\/falkbistro.nl\/de\/wp-json\/wp\/v2\/media?parent=1800"}],"curies":[{"name":"wp","href":"https:\/\/api.w.org\/{rel}","templated":true}]}}