{"id":1931,"date":"2023-01-27T09:28:00","date_gmt":"2023-01-27T09:28:00","guid":{"rendered":"https:\/\/falkbistro.nl\/?page_id=1931"},"modified":"2023-03-06T10:20:52","modified_gmt":"2023-03-06T10:20:52","slug":"algemene-voorwaarden","status":"publish","type":"page","link":"https:\/\/falkbistro.nl\/de\/algemene-voorwaarden\/","title":{"rendered":"Allgemeine Gesch\u00e4ftsbedingungen"},"content":{"rendered":"<p>Wir m\u00f6chten vorab einige Anmerkungen machen.<br>Falk Bistro beliefert den professionellen Gesch\u00e4ftsmarkt. Druck- und Kopierfehler auf der Website vorbehalten. Falk Bistro hat jederzeit das Recht, eine Aktion zu stornieren. Die vollst\u00e4ndigen Konditionen entnehmen Sie bitte dem Anhang.<\/p><div class=\"wp-block-buttons is-layout-flex wp-block-buttons-is-layout-flex\"><div class=\"wp-block-button\"><a class=\"wp-block-button__link wp-element-button\" href=\"http:\/\/falkbistro.nl\/wp-content\/uploads\/2023\/03\/ALV-FBN.pdf\">Allgemeine Gesch\u00e4ftsbedingungen<\/a><\/div><\/div>","protected":false},"excerpt":{"rendered":"<p>Vooraf willen we graag enkele opmerkingen plaatsen.Falk Bistro Nederland levert aan de professionele zakelijke markt. Druk en zet fouten op de website voorbehouden. Falk Bistro Nederland heeft altijd het recht om een actie te annuleren. Voor de complete voorwaarden verwijzen we graag naar de bijlage.<\/p>","protected":false},"author":1,"featured_media":0,"parent":0,"menu_order":0,"comment_status":"closed","ping_status":"closed","template":"","meta":{"om_disable_all_campaigns":false,"_monsterinsights_skip_tracking":false,"_monsterinsights_sitenote_active":false,"_monsterinsights_sitenote_note":"","_monsterinsights_sitenote_category":0,"_kadence_starter_templates_imported_post":false,"_kad_post_transparent":"","_kad_post_title":"","_kad_post_layout":"","_kad_post_sidebar_id":"","_kad_post_content_style":"","_kad_post_vertical_padding":"","_kad_post_feature":"","_kad_post_feature_position":"","_kad_post_header":false,"_kad_post_footer":false,"footnotes":""},"class_list":["post-1931","page","type-page","status-publish","hentry"],"aioseo_notices":[],"jetpack_sharing_enabled":true,"_links":{"self":[{"href":"https:\/\/falkbistro.nl\/de\/wp-json\/wp\/v2\/pages\/1931","targetHints":{"allow":["GET"]}}],"collection":[{"href":"https:\/\/falkbistro.nl\/de\/wp-json\/wp\/v2\/pages"}],"about":[{"href":"https:\/\/falkbistro.nl\/de\/wp-json\/wp\/v2\/types\/page"}],"author":[{"embeddable":true,"href":"https:\/\/falkbistro.nl\/de\/wp-json\/wp\/v2\/users\/1"}],"replies":[{"embeddable":true,"href":"https:\/\/falkbistro.nl\/de\/wp-json\/wp\/v2\/comments?post=1931"}],"version-history":[{"count":8,"href":"https:\/\/falkbistro.nl\/de\/wp-json\/wp\/v2\/pages\/1931\/revisions"}],"predecessor-version":[{"id":2170,"href":"https:\/\/falkbistro.nl\/de\/wp-json\/wp\/v2\/pages\/1931\/revisions\/2170"}],"wp:attachment":[{"href":"https:\/\/falkbistro.nl\/de\/wp-json\/wp\/v2\/media?parent=1931"}],"curies":[{"name":"wp","href":"https:\/\/api.w.org\/{rel}","templated":true}]}}