{"id":1968,"date":"2023-01-27T09:52:52","date_gmt":"2023-01-27T09:52:52","guid":{"rendered":"https:\/\/falkbistro.nl\/?page_id=1968"},"modified":"2023-03-06T10:26:45","modified_gmt":"2023-03-06T10:26:45","slug":"garantie","status":"publish","type":"page","link":"https:\/\/falkbistro.nl\/de\/garantie\/","title":{"rendered":"Garantie und Reparaturen"},"content":{"rendered":"<p>Falk Bistro verf\u00fcgt \u00fcber umfangreiche Garantie- und Kulanzvereinbarungen. Wenn es Probleme gibt, w\u00fcrden wir gerne davon h\u00f6ren und dann gemeinsam schauen, wie wir sie l\u00f6sen k\u00f6nnen. Die Standardgarantiezeit f\u00fcr die Produkte betr\u00e4gt 1 Jahr f\u00fcr m\u00f6gliche Herstellungsfehler. <\/p><h2 class=\"wp-block-heading\">Reparaturen<\/h2><p>Ein Unfall kann immer passieren, zum Gl\u00fcck kann die Fabrik Pfannen reparieren. Sollte eine Reparatur erforderlich sein, teilen Sie uns dies bitte mit Fotos und einer kurzen Beschreibung des Sachverhalts mit. Wenn Pfannen \u00fcber eine Antihaftbeschichtung verf\u00fcgen, muss diese nach der Reparatur m\u00f6glicherweise erneut aufgetragen werden. <\/p><p><\/p>","protected":false},"excerpt":{"rendered":"<p>Falk Bistro Nederland kent uitgebreide garantie en coulance regelingen. Wanneer er problemen zijn dan vernemen we die graag, dan kijken we gezamenlijk hoe we deze kunnen oplossen. De standaard garantieperiode voor de producten bedraagt 1 jaar op mogelijke fabricagefouten. Reparaties Een ongelukje zit altijd in een klein hoekje, gelukkig kan de fabriek pannen herstellen. Wanneer&#8230;<\/p>","protected":false},"author":1,"featured_media":0,"parent":0,"menu_order":0,"comment_status":"closed","ping_status":"closed","template":"","meta":{"om_disable_all_campaigns":false,"_monsterinsights_skip_tracking":false,"_monsterinsights_sitenote_active":false,"_monsterinsights_sitenote_note":"","_monsterinsights_sitenote_category":0,"_kadence_starter_templates_imported_post":false,"_kad_post_transparent":"","_kad_post_title":"","_kad_post_layout":"","_kad_post_sidebar_id":"","_kad_post_content_style":"","_kad_post_vertical_padding":"","_kad_post_feature":"","_kad_post_feature_position":"","_kad_post_header":false,"_kad_post_footer":false,"footnotes":""},"class_list":["post-1968","page","type-page","status-publish","hentry"],"aioseo_notices":[],"jetpack_sharing_enabled":true,"_links":{"self":[{"href":"https:\/\/falkbistro.nl\/de\/wp-json\/wp\/v2\/pages\/1968","targetHints":{"allow":["GET"]}}],"collection":[{"href":"https:\/\/falkbistro.nl\/de\/wp-json\/wp\/v2\/pages"}],"about":[{"href":"https:\/\/falkbistro.nl\/de\/wp-json\/wp\/v2\/types\/page"}],"author":[{"embeddable":true,"href":"https:\/\/falkbistro.nl\/de\/wp-json\/wp\/v2\/users\/1"}],"replies":[{"embeddable":true,"href":"https:\/\/falkbistro.nl\/de\/wp-json\/wp\/v2\/comments?post=1968"}],"version-history":[{"count":3,"href":"https:\/\/falkbistro.nl\/de\/wp-json\/wp\/v2\/pages\/1968\/revisions"}],"predecessor-version":[{"id":2105,"href":"https:\/\/falkbistro.nl\/de\/wp-json\/wp\/v2\/pages\/1968\/revisions\/2105"}],"wp:attachment":[{"href":"https:\/\/falkbistro.nl\/de\/wp-json\/wp\/v2\/media?parent=1968"}],"curies":[{"name":"wp","href":"https:\/\/api.w.org\/{rel}","templated":true}]}}