{"id":2046,"date":"2023-01-28T09:43:06","date_gmt":"2023-01-28T09:43:06","guid":{"rendered":"https:\/\/falkbistro.nl\/?page_id=2046"},"modified":"2023-03-06T10:37:36","modified_gmt":"2023-03-06T10:37:36","slug":"over-falk","status":"publish","type":"page","link":"https:\/\/falkbistro.nl\/de\/over-falk\/","title":{"rendered":"\u00dcber Falk"},"content":{"rendered":"<p>Falk ist der Experte f\u00fcr hochwertige Induktions-, Edelstahl- und Kupferpfannen. Seit mehr als drei Generationen bietet diese Marke Kochen mit den besten und effizientesten Materialien. Die neuesten Pfannen f\u00fcr Induktionsherde wurden mit modernster Technologie und Materialien f\u00fcr die professionelle K\u00fcche von heute und der Zukunft entwickelt.\nNach jahrelanger Entwicklung hat das Entwicklungsteam von Falk Bistro in Zusammenarbeit mit den f\u00fchrenden Metallveredlern ein neues Verfahren f\u00fcr die Induktionspfannen der Zukunft entwickelt.\nNachhaltigkeit spielt bei der Entwicklung neuer Produkte im Falk Bistro eine gro\u00dfe Rolle. Deshalb bieten wir eine lange Garantie auf Produktionsfehler und einen Reparaturservice, falls unerwartet etwas schief gehen sollte. Garantiert eine lange Lebensdauer und weniger Energieverbrauch. Derzeit die besten Pfannen auf dem Markt f\u00fcr professionelle Induktionsk\u00fcchen. <br>Het ontwikkel team van Falk Bistro heeft na jaren ontwikkeling een nieuw proced\u00e9 ontwikkeld voor de inductie pannen van de toekomst, in samenwerking met de meest vooraanstaande veredelaars van metalen.<br>Duurzaamheid speelt een grote rol bij de ontwikkeling van nieuwe producten bij Falk Bistro. Daarom een lange garantie op productie fouten en een reparatie service wanneer er onverhoopt iets is fout gegaan. Garant voor een lange levensduur en minder gebruik van energie. Momenteel de beste pannen op de markt voor de professionele inductie keukens. <br><br>Das Video der mit traditionellen Methoden hergestellten Pfannen zeigt deutlich, wie jeder Prozess \u00fcberwacht und von handwerklicher Sorgfalt begleitet wird. Dies ist auch ein Zeichen f\u00fcr die erreichte Qualit\u00e4t, die wir bei Falk unterst\u00fctzen und auf die wir stolz sind, ebenso wie unsere Spitzenk\u00f6che auf der ganzen Welt, die diese Produkte verwenden.<\/p><figure class=\"wp-block-embed is-type-video is-provider-youtube wp-block-embed-youtube wp-embed-aspect-16-9 wp-has-aspect-ratio\"><div class=\"wp-block-embed__wrapper\">\n<iframe loading=\"lazy\" title=\"Falk Culinair - Ambacht in de kijker\" width=\"720\" height=\"405\" src=\"https:\/\/www.youtube.com\/embed\/Tsrx1IRWOfQ?feature=oembed\" frameborder=\"0\" allow=\"accelerometer; autoplay; clipboard-write; encrypted-media; gyroscope; picture-in-picture; web-share\" allowfullscreen><\/iframe>\n<\/div><\/figure>","protected":false},"excerpt":{"rendered":"<p>Falk is d\u00e9 expert voor hoogwaardige inductie, RVS en koperen pannen. Al meer dan drie generaties lang biedt dit merk koken met de fijnste en meest effici\u00ebnte materialen. De nieuwste pannen voor de inductie fornuizen zijn met de modernste technologie en materialen ontwikkeld voor de professionele keuken van nu en de toekomst. Het ontwikkel team&#8230;<\/p>","protected":false},"author":1,"featured_media":0,"parent":0,"menu_order":0,"comment_status":"closed","ping_status":"closed","template":"","meta":{"om_disable_all_campaigns":false,"_monsterinsights_skip_tracking":false,"_monsterinsights_sitenote_active":false,"_monsterinsights_sitenote_note":"","_monsterinsights_sitenote_category":0,"_kadence_starter_templates_imported_post":false,"_kad_post_transparent":"","_kad_post_title":"","_kad_post_layout":"","_kad_post_sidebar_id":"","_kad_post_content_style":"","_kad_post_vertical_padding":"","_kad_post_feature":"","_kad_post_feature_position":"","_kad_post_header":false,"_kad_post_footer":false,"footnotes":""},"class_list":["post-2046","page","type-page","status-publish","hentry"],"aioseo_notices":[],"jetpack_sharing_enabled":true,"_links":{"self":[{"href":"https:\/\/falkbistro.nl\/de\/wp-json\/wp\/v2\/pages\/2046","targetHints":{"allow":["GET"]}}],"collection":[{"href":"https:\/\/falkbistro.nl\/de\/wp-json\/wp\/v2\/pages"}],"about":[{"href":"https:\/\/falkbistro.nl\/de\/wp-json\/wp\/v2\/types\/page"}],"author":[{"embeddable":true,"href":"https:\/\/falkbistro.nl\/de\/wp-json\/wp\/v2\/users\/1"}],"replies":[{"embeddable":true,"href":"https:\/\/falkbistro.nl\/de\/wp-json\/wp\/v2\/comments?post=2046"}],"version-history":[{"count":12,"href":"https:\/\/falkbistro.nl\/de\/wp-json\/wp\/v2\/pages\/2046\/revisions"}],"predecessor-version":[{"id":2192,"href":"https:\/\/falkbistro.nl\/de\/wp-json\/wp\/v2\/pages\/2046\/revisions\/2192"}],"wp:attachment":[{"href":"https:\/\/falkbistro.nl\/de\/wp-json\/wp\/v2\/media?parent=2046"}],"curies":[{"name":"wp","href":"https:\/\/api.w.org\/{rel}","templated":true}]}}